{"id":318,"date":"2024-02-24T21:01:54","date_gmt":"2024-02-24T20:01:54","guid":{"rendered":"https:\/\/bst-consulting.pl\/?page_id=318"},"modified":"2024-02-24T21:26:20","modified_gmt":"2024-02-24T20:26:20","slug":"polityka-prywatnosci-2","status":"publish","type":"page","link":"https:\/\/bst-consulting.pl\/?page_id=318","title":{"rendered":"Polityka prywatno\u015bci"},"content":{"rendered":"\t\t<div data-elementor-type=\"wp-page\" data-elementor-id=\"318\" class=\"elementor elementor-318\">\n\t\t\t\t<div class=\"elementor-element elementor-element-386f151 e-flex e-con-boxed wpr-particle-no wpr-jarallax-no wpr-parallax-no wpr-sticky-section-no e-con e-parent\" data-id=\"386f151\" data-element_type=\"container\">\n\t\t\t\t\t<div class=\"e-con-inner\">\n\t\t\t\t<div class=\"elementor-element elementor-element-c4a6eb7 elementor-widget elementor-widget-heading\" data-id=\"c4a6eb7\" data-element_type=\"widget\" data-widget_type=\"heading.default\">\n\t\t\t\t<div class=\"elementor-widget-container\">\n\t\t\t\t\t<h2 class=\"elementor-heading-title elementor-size-default\">Polityka ochrony danych osobowych\n\n<\/h2>\t\t\t\t<\/div>\n\t\t\t\t<\/div>\n\t\t\t\t<div class=\"elementor-element elementor-element-5234696f elementor-widget elementor-widget-text-editor\" data-id=\"5234696f\" data-element_type=\"widget\" data-widget_type=\"text-editor.default\">\n\t\t\t\t<div class=\"elementor-widget-container\">\n\t\t\t\t\t\t\t\t\t<p><\/p>\n<p><strong>\u00a7 1 Definicje<\/strong><\/p>\n<p>Poj\u0119ciom u\u017cywanym w niniejszej Polityce Ochrony Danych Osobowych nadaje si\u0119 nast\u0119puj\u0105ce brzmienie:<\/p>\n<ul>\n<li>\n<p><strong>Administrator<\/strong> \u2013 Sebastian Wo\u017aniak, prowadz\u0105cy dzia\u0142alno\u015b\u0107 gospodarcz\u0105 pod firm\u0105 Business Solutions &amp; Trainings Sebastian Wo\u017aniak, z siedzib\u0105 w Warszawie (02-972), przy ul. Sarmackiej 13\/150, wpisan\u0105 do Centralnej Ewidencji i Informacji o Dzia\u0142alno\u015bci Gospodarczej, posiadaj\u0105cy numer NIP: 9291547586, i numer REGON: 383194881.<\/p>\n<\/li>\n<li>\n<p><strong>Dane osobowe<\/strong> \u2013 wszelkie informacje o zidentyfikowanej lub mo\u017cliwej do zidentyfikowania osobie fizycznej przetwarzane przez Administratora.<\/p>\n<\/li>\n<li>\n<p><strong>Dane wra\u017cliwe<\/strong> \u2013 Dane osobowe zaliczane do szczeg\u00f3lnych kategorii, o kt\u00f3rych mowa w art. 9 ust. 1 RODO, to jest dane ujawniaj\u0105ce pochodzenie etniczne lub rasowe, pogl\u0105dy polityczne, przekonania religijne lub \u015bwiatopogl\u0105dowe, przynale\u017cno\u015b\u0107 do zwi\u0105zk\u00f3w zawodowych, dane genetyczne czy biometryczne, dane dotycz\u0105ce zdrowia, seksualno\u015bci lub orientacji seksualnej.<\/p>\n<\/li>\n<li>\n<p><strong>Organ nadzorczy<\/strong> \u2013 Prezes Urz\u0119du Ochrony Danych Osobowych lub ewentualnie w\u0142a\u015bciwy organ nadzorczy w zakresie Danych osobowych wyznaczony przez inne pa\u0144stwo cz\u0142onkowskie Unii Europejskiej.<\/p>\n<\/li>\n<li>\n<p><strong>Podmiot danych<\/strong> \u2013 osoba fizyczna, kt\u00f3rej dotycz\u0105 Dane osobowe przetwarzane przez Administratora.<\/p>\n<\/li>\n<li>\n<p><strong>Polityka<\/strong> \u2013 niniejsza Polityka ochrony Danych osobowych.<\/p>\n<\/li>\n<li>\n<p><strong>U\u017cytkownik<\/strong> \u2013 osoba wyznaczona i upowa\u017cniona do przetwarzania Danych osobowych, kt\u00f3ra zosta\u0142a przeszkolona w zakresie ochrony Danych osobowych przez Administratora b\u0105d\u017a wskazan\u0105 przez niego osob\u0119 lub podmiot.<\/p>\n<\/li>\n<li>\n<p><strong>RODO<\/strong> \u2013 rozporz\u0105dzenie Parlamentu Europejskiego i Rady (UE) 2016\/679 z 27.04.2016 r. w sprawie ochrony os\u00f3b fizycznych w zwi\u0105zku z przetwarzaniem danych osobowych i w sprawie swobodnego przep\u0142ywu takich danych oraz uchylenia dyrektywy 95\/46\/WE.<\/p>\n<\/li>\n<\/ul>\n<p><strong>\u00a7 2 Zasady og\u00f3lne<\/strong><\/p>\n<p>Niniejsza Polityka stanowi podstawowy dokument reguluj\u0105cy zasady przetwarzania Danych osobowych przez Administratora. Wdro\u017cenie Polityki ma na celu zapewnienie zgodno\u015bci z RODO proces\u00f3w przetwarzania Danych osobowych przez Administratora, niezale\u017cnie od formy, w jakiej to przetwarzanie nast\u0119puje, oraz okre\u015blenie zasad przetwarzania Danych osobowych u Administratora.<\/p>\n<p>W zwi\u0105zku z prowadzon\u0105 dzia\u0142alno\u015bci\u0105 Administrator zbiera i przetwarza Dane osobowe zgodnie z w\u0142a\u015bciwymi przepisami prawa, w tym w szczeg\u00f3lno\u015bci RODO, i przewidzianymi w nich zasadami przetwarzania.<\/p>\n<p><strong>\u00a7 3 Organizacja systemu ochrony Danych osobowych<\/strong><\/p>\n<p>Administrator stosuje system ochrony Danych osobowych, do kt\u00f3rego element\u00f3w zalicza si\u0119:<\/p>\n<ul>\n<li>Prowadzenie rejestru czynno\u015bci przetwarzania Danych osobowych.<\/li>\n<li>Prowadzenie rejestru narusze\u0144 ochrony Danych osobowych.<\/li>\n<li>Prowadzenie ewidencji wydanych upowa\u017cnie\u0144 do przetwarzania Danych osobowych.<\/li>\n<li>Prowadzenie innych rejestr\u00f3w b\u0105d\u017a ewidencji, kt\u00f3re s\u0105 niezb\u0119dne dla prawid\u0142owego przetwarzania Danych osobowych u Administratora.<\/li>\n<li>Wykonywanie obowi\u0105zk\u00f3w informacyjnych w stosunku do os\u00f3b, kt\u00f3rych dane osobowe s\u0105 przetwarzane przez Administratora, a tak\u017ce zagwarantowanie realizowania praw i wolno\u015bci tych os\u00f3b okre\u015blonych przez powszechnie obowi\u0105zuj\u0105ce przepisy.<\/li>\n<li>Stosowanie odpowiednich \u015brodk\u00f3w prawnych, technicznych, informatycznych oraz organizacyjnych zapewniaj\u0105cych bezpiecze\u0144stwo Danych osobowych.<\/li>\n<li>Przeprowadzanie szkole\u0144 w zakresie przetwarzania oraz ochrony Danych osobowych.<\/li>\n<li>Dokonywanie audytu podmiot\u00f3w przetwarzaj\u0105cych Dane osobowe na rzecz Administratora.<\/li>\n<li>Weryfikowanie czy \u015brodki stosowane u Administratora zapewniaj\u0105 bezpiecze\u0144stwo Danych osobowych.<\/li>\n<\/ul>\n<div>\u00a0<\/div>\n<p><strong>\u00a7 4 Upowa\u017cnienie do przetwarzania danych osobowych<\/strong><\/p>\n<p>Administrator dopuszcza do przetwarzania Danych osobowych jedynie osoby, kt\u00f3re posiadaj\u0105 upowa\u017cnienie do ich przetwarzania nadane przez Administratora. Upowa\u017cnienie do przetwarzania Danych osobowych wydaje si\u0119 niezw\u0142ocznie po nawi\u0105zaniu stosunku prawnego pomi\u0119dzy Administratorem a osob\u0105, kt\u00f3ra b\u0119dzie przetwarza\u0107 Dane osobowe.<\/p>\n<p><strong>\u00a7 5 Bezpiecze\u0144stwo Danych osobowych<\/strong><\/p>\n<p>Administrator wdra\u017ca odpowiednie \u015brodki techniczne i organizacyjne, aby zapewni\u0107 stopie\u0144 bezpiecze\u0144stwa odpowiadaj\u0105cy ryzyku naruszenia praw lub wolno\u015bci os\u00f3b fizycznych. Przy ocenie stopnia bezpiecze\u0144stwa Administrator uwzgl\u0119dnia ryzyko zwi\u0105zane z przetwarzaniem, a tak\u017ce monitoruje adekwatno\u015b\u0107 stosowanych zabezpiecze\u0144.<\/p>\n<p><\/p>\t\t\t\t\t\t\t\t<\/div>\n\t\t\t\t<\/div>\n\t\t\t\t\t<\/div>\n\t\t\t\t<\/div>\n\t\t\t\t<\/div>\n\t\t","protected":false},"excerpt":{"rendered":"<p>Polityka ochrony danych osobowych \u00a7 1 Definicje Poj\u0119ciom u\u017cywanym w niniejszej Polityce Ochrony Danych Osobowych nadaje si\u0119 nast\u0119puj\u0105ce brzmienie: Administrator \u2013 Sebastian Wo\u017aniak, prowadz\u0105cy dzia\u0142alno\u015b\u0107 gospodarcz\u0105 pod firm\u0105 Business Solutions &amp; Trainings Sebastian Wo\u017aniak, z siedzib\u0105 w Warszawie (02-972), przy ul. Sarmackiej 13\/150, wpisan\u0105 do Centralnej Ewidencji i Informacji o Dzia\u0142alno\u015bci Gospodarczej, posiadaj\u0105cy numer NIP: 9291547586, i numer REGON: 383194881. Dane osobowe \u2013 wszelkie informacje o zidentyfikowanej lub mo\u017cliwej do zidentyfikowania osobie fizycznej przetwarzane przez Administratora. Dane wra\u017cliwe \u2013 Dane osobowe zaliczane do szczeg\u00f3lnych kategorii, o kt\u00f3rych mowa w art. 9 ust. 1 RODO, to jest dane ujawniaj\u0105ce pochodzenie etniczne lub rasowe, pogl\u0105dy polityczne, przekonania religijne lub \u015bwiatopogl\u0105dowe, przynale\u017cno\u015b\u0107 do zwi\u0105zk\u00f3w zawodowych, dane genetyczne czy biometryczne, dane dotycz\u0105ce zdrowia, seksualno\u015bci lub orientacji seksualnej. Organ nadzorczy \u2013 Prezes Urz\u0119du Ochrony Danych Osobowych lub ewentualnie w\u0142a\u015bciwy organ nadzorczy w zakresie Danych osobowych wyznaczony przez inne pa\u0144stwo cz\u0142onkowskie Unii Europejskiej. Podmiot danych \u2013 osoba fizyczna, kt\u00f3rej dotycz\u0105 Dane osobowe przetwarzane przez Administratora. Polityka \u2013 niniejsza Polityka ochrony Danych osobowych. U\u017cytkownik \u2013 osoba wyznaczona i upowa\u017cniona do przetwarzania Danych osobowych, kt\u00f3ra zosta\u0142a przeszkolona w zakresie ochrony Danych osobowych przez Administratora b\u0105d\u017a wskazan\u0105 przez niego osob\u0119 lub podmiot. RODO \u2013 rozporz\u0105dzenie Parlamentu Europejskiego i Rady (UE) 2016\/679 z 27.04.2016 r. w sprawie ochrony os\u00f3b fizycznych w zwi\u0105zku z przetwarzaniem danych osobowych i w sprawie swobodnego przep\u0142ywu takich danych oraz uchylenia dyrektywy 95\/46\/WE. \u00a7 2 Zasady og\u00f3lne Niniejsza Polityka stanowi podstawowy dokument reguluj\u0105cy zasady przetwarzania Danych osobowych przez Administratora. Wdro\u017cenie Polityki ma na celu zapewnienie zgodno\u015bci z RODO proces\u00f3w przetwarzania Danych osobowych przez Administratora, niezale\u017cnie od formy, w jakiej to przetwarzanie nast\u0119puje, oraz okre\u015blenie zasad przetwarzania Danych osobowych u Administratora. W zwi\u0105zku z prowadzon\u0105 dzia\u0142alno\u015bci\u0105 Administrator zbiera i przetwarza Dane osobowe zgodnie z w\u0142a\u015bciwymi przepisami prawa, w tym w szczeg\u00f3lno\u015bci RODO, i przewidzianymi w nich zasadami przetwarzania. \u00a7 3 Organizacja systemu ochrony Danych osobowych Administrator stosuje system ochrony Danych osobowych, do kt\u00f3rego element\u00f3w zalicza si\u0119: Prowadzenie rejestru czynno\u015bci przetwarzania Danych osobowych. Prowadzenie rejestru narusze\u0144 ochrony Danych osobowych. Prowadzenie ewidencji wydanych upowa\u017cnie\u0144 do przetwarzania Danych osobowych. Prowadzenie innych rejestr\u00f3w b\u0105d\u017a ewidencji, kt\u00f3re s\u0105 niezb\u0119dne dla prawid\u0142owego przetwarzania Danych osobowych u Administratora. Wykonywanie obowi\u0105zk\u00f3w informacyjnych w stosunku do os\u00f3b, kt\u00f3rych dane osobowe s\u0105 przetwarzane przez Administratora, a tak\u017ce zagwarantowanie realizowania praw i wolno\u015bci tych os\u00f3b okre\u015blonych przez powszechnie obowi\u0105zuj\u0105ce przepisy. Stosowanie odpowiednich \u015brodk\u00f3w prawnych, technicznych, informatycznych oraz organizacyjnych zapewniaj\u0105cych bezpiecze\u0144stwo Danych osobowych. Przeprowadzanie szkole\u0144 w zakresie przetwarzania oraz ochrony Danych osobowych. Dokonywanie audytu podmiot\u00f3w przetwarzaj\u0105cych Dane osobowe na rzecz Administratora. Weryfikowanie czy \u015brodki stosowane u Administratora zapewniaj\u0105 bezpiecze\u0144stwo Danych osobowych. \u00a0 \u00a7 4 Upowa\u017cnienie do przetwarzania danych osobowych Administrator dopuszcza do przetwarzania Danych osobowych jedynie osoby, kt\u00f3re posiadaj\u0105 upowa\u017cnienie do ich przetwarzania nadane przez Administratora. Upowa\u017cnienie do przetwarzania Danych osobowych wydaje si\u0119 niezw\u0142ocznie po nawi\u0105zaniu stosunku prawnego pomi\u0119dzy Administratorem a osob\u0105, kt\u00f3ra b\u0119dzie przetwarza\u0107 Dane osobowe. \u00a7 5 Bezpiecze\u0144stwo Danych osobowych Administrator wdra\u017ca odpowiednie \u015brodki techniczne i organizacyjne, aby zapewni\u0107 stopie\u0144 bezpiecze\u0144stwa odpowiadaj\u0105cy ryzyku naruszenia praw lub wolno\u015bci os\u00f3b fizycznych. Przy ocenie stopnia bezpiecze\u0144stwa Administrator uwzgl\u0119dnia ryzyko zwi\u0105zane z przetwarzaniem, a tak\u017ce monitoruje adekwatno\u015b\u0107 stosowanych zabezpiecze\u0144.<\/p>\n","protected":false},"author":1,"featured_media":0,"parent":0,"menu_order":0,"comment_status":"closed","ping_status":"closed","template":"","meta":{"footnotes":""},"_links":{"self":[{"href":"https:\/\/bst-consulting.pl\/index.php?rest_route=\/wp\/v2\/pages\/318"}],"collection":[{"href":"https:\/\/bst-consulting.pl\/index.php?rest_route=\/wp\/v2\/pages"}],"about":[{"href":"https:\/\/bst-consulting.pl\/index.php?rest_route=\/wp\/v2\/types\/page"}],"author":[{"embeddable":true,"href":"https:\/\/bst-consulting.pl\/index.php?rest_route=\/wp\/v2\/users\/1"}],"replies":[{"embeddable":true,"href":"https:\/\/bst-consulting.pl\/index.php?rest_route=%2Fwp%2Fv2%2Fcomments&post=318"}],"version-history":[{"count":7,"href":"https:\/\/bst-consulting.pl\/index.php?rest_route=\/wp\/v2\/pages\/318\/revisions"}],"predecessor-version":[{"id":346,"href":"https:\/\/bst-consulting.pl\/index.php?rest_route=\/wp\/v2\/pages\/318\/revisions\/346"}],"wp:attachment":[{"href":"https:\/\/bst-consulting.pl\/index.php?rest_route=%2Fwp%2Fv2%2Fmedia&parent=318"}],"curies":[{"name":"wp","href":"https:\/\/api.w.org\/{rel}","templated":true}]}}